{"id":59,"date":"2021-04-20T09:58:07","date_gmt":"2021-04-20T07:58:07","guid":{"rendered":"https:\/\/www.zlomvaz.cz\/2021\/?page_id=59"},"modified":"2021-09-27T21:57:49","modified_gmt":"2021-09-27T19:57:49","slug":"obratel-2","status":"publish","type":"page","link":"https:\/\/www.zlomvaz.cz\/2021\/obratel-2\/","title":{"rendered":"Obratel"},"content":{"rendered":"\n<figure class=\"wp-block-image size-large\"><img loading=\"lazy\" decoding=\"async\" width=\"489\" height=\"216\" src=\"https:\/\/www.zlomvaz.cz\/2021\/wp-content\/uploads\/2021\/04\/obratel.png\" alt=\"\" class=\"wp-image-11\" srcset=\"https:\/\/www.zlomvaz.cz\/2021\/wp-content\/uploads\/2021\/04\/obratel.png 489w, https:\/\/www.zlomvaz.cz\/2021\/wp-content\/uploads\/2021\/04\/obratel-300x133.png 300w\" sizes=\"auto, (max-width: 489px) 100vw, 489px\" \/><\/figure>\n\n\n\n<p><br>Obratel je festivalov\u00fd zpravodaj, kter\u00fd ka\u017edoro\u010dn\u011b vznik\u00e1 pod z\u00e1\u0161titou studentek a student\u016f Katedry teorie a kritiky pra\u017esk\u00e9 DAMU. V duchu propojov\u00e1n\u00ed kateder a \u0161kol tvo\u0159\u00ed redakci i studenti dal\u0161\u00edch um\u011bleck\u00fdch obor\u016f (FAMO, JAMU, MUNI, SLU, UJEP, UPOL, V\u0160MU). Letos se Obratel zam\u011b\u0159\u00ed na mo\u017enosti reflektov\u00e1n\u00ed divadla prost\u0159ednictv\u00edm multim\u00e9di\u00ed &#8211; klasick\u00fd form\u00e1t textov\u00fdch recenz\u00ed roz\u0161i\u0159ujeme i o videa, \u010di podcasty. V\u0161e bude k dispozici p\u0159\u00edmo tady na str\u00e1nk\u00e1ch Zlomvazu.<\/p>\n\n\n\n<p><br><\/p>\n\n\n\n<div class=\"wp-block-columns is-layout-flex wp-container-core-columns-is-layout-9d6595d7 wp-block-columns-is-layout-flex\">\n<div class=\"wp-block-column is-layout-flow wp-block-column-is-layout-flow\">\n<figure class=\"wp-block-image size-full\"><a href=\"https:\/\/www.zlomvaz.cz\/2021\/category\/obratel-streda\/\"><img loading=\"lazy\" decoding=\"async\" width=\"500\" height=\"200\" src=\"https:\/\/www.zlomvaz.cz\/2021\/wp-content\/uploads\/2021\/09\/obratel-streda.png\" alt=\"\" class=\"wp-image-884\" srcset=\"https:\/\/www.zlomvaz.cz\/2021\/wp-content\/uploads\/2021\/09\/obratel-streda.png 500w, https:\/\/www.zlomvaz.cz\/2021\/wp-content\/uploads\/2021\/09\/obratel-streda-300x120.png 300w\" sizes=\"auto, (max-width: 500px) 100vw, 500px\" \/><\/a><\/figure>\n<\/div>\n\n\n\n<div class=\"wp-block-column is-layout-flow wp-block-column-is-layout-flow\">\n<figure class=\"wp-block-image size-full\"><a href=\"https:\/\/www.zlomvaz.cz\/2021\/category\/obratel-ctvrtek\/\"><img loading=\"lazy\" decoding=\"async\" width=\"500\" height=\"200\" src=\"https:\/\/www.zlomvaz.cz\/2021\/wp-content\/uploads\/2021\/09\/obreatel-ctvrtek.png\" alt=\"\" class=\"wp-image-883\" srcset=\"https:\/\/www.zlomvaz.cz\/2021\/wp-content\/uploads\/2021\/09\/obreatel-ctvrtek.png 500w, https:\/\/www.zlomvaz.cz\/2021\/wp-content\/uploads\/2021\/09\/obreatel-ctvrtek-300x120.png 300w\" sizes=\"auto, (max-width: 500px) 100vw, 500px\" \/><\/a><\/figure>\n<\/div>\n<\/div>\n\n\n\n<div class=\"wp-block-columns is-layout-flex wp-container-core-columns-is-layout-9d6595d7 wp-block-columns-is-layout-flex\">\n<div class=\"wp-block-column is-layout-flow wp-block-column-is-layout-flow\">\n<figure class=\"wp-block-image size-full\"><a href=\"https:\/\/www.zlomvaz.cz\/2021\/category\/obratel-patek\/\"><img loading=\"lazy\" decoding=\"async\" width=\"500\" height=\"200\" src=\"https:\/\/www.zlomvaz.cz\/2021\/wp-content\/uploads\/2021\/09\/obratel-patek.png\" alt=\"\" class=\"wp-image-882\" srcset=\"https:\/\/www.zlomvaz.cz\/2021\/wp-content\/uploads\/2021\/09\/obratel-patek.png 500w, https:\/\/www.zlomvaz.cz\/2021\/wp-content\/uploads\/2021\/09\/obratel-patek-300x120.png 300w\" sizes=\"auto, (max-width: 500px) 100vw, 500px\" \/><\/a><\/figure>\n<\/div>\n\n\n\n<div class=\"wp-block-column is-layout-flow wp-block-column-is-layout-flow\">\n<figure class=\"wp-block-image size-full\"><a href=\"https:\/\/www.zlomvaz.cz\/2021\/category\/obratel-sobota\/\"><img loading=\"lazy\" decoding=\"async\" width=\"600\" height=\"200\" src=\"https:\/\/www.zlomvaz.cz\/2021\/wp-content\/uploads\/2021\/09\/obratel-sobota.png\" alt=\"\" class=\"wp-image-881\" srcset=\"https:\/\/www.zlomvaz.cz\/2021\/wp-content\/uploads\/2021\/09\/obratel-sobota.png 600w, https:\/\/www.zlomvaz.cz\/2021\/wp-content\/uploads\/2021\/09\/obratel-sobota-300x100.png 300w\" sizes=\"auto, (max-width: 600px) 100vw, 600px\" \/><\/a><\/figure>\n<\/div>\n<\/div>\n\n\n\n<div class=\"wp-block-columns is-layout-flex wp-container-core-columns-is-layout-9d6595d7 wp-block-columns-is-layout-flex\">\n<div class=\"wp-block-column is-layout-flow wp-block-column-is-layout-flow\" style=\"flex-basis:25%\"><\/div>\n\n\n\n<div class=\"wp-block-column is-layout-flow wp-block-column-is-layout-flow\" style=\"flex-basis:50%\">\n<figure class=\"wp-block-image size-full\"><a href=\"https:\/\/www.zlomvaz.cz\/2021\/category\/restart\/\"><img loading=\"lazy\" decoding=\"async\" width=\"434\" height=\"168\" src=\"https:\/\/www.zlomvaz.cz\/2021\/wp-content\/uploads\/2021\/09\/restart.png\" alt=\"\" class=\"wp-image-981\" srcset=\"https:\/\/www.zlomvaz.cz\/2021\/wp-content\/uploads\/2021\/09\/restart.png 434w, https:\/\/www.zlomvaz.cz\/2021\/wp-content\/uploads\/2021\/09\/restart-300x116.png 300w\" sizes=\"auto, (max-width: 434px) 100vw, 434px\" \/><\/a><\/figure>\n<\/div>\n\n\n\n<div class=\"wp-block-column is-layout-flow wp-block-column-is-layout-flow\" style=\"flex-basis:25%\"><\/div>\n<\/div>\n\n\n\n<h4 class=\"wp-block-heading\">Redakce<\/h4>\n\n\n\n<div class=\"wp-block-columns is-layout-flex wp-container-core-columns-is-layout-9d6595d7 wp-block-columns-is-layout-flex\">\n<div class=\"wp-block-column is-layout-flow wp-block-column-is-layout-flow\">\n<figure class=\"wp-block-image\"><img loading=\"lazy\" decoding=\"async\" width=\"1736\" height=\"1735\" src=\"https:\/\/www.zlomvaz.cz\/2021\/wp-content\/uploads\/2021\/05\/zdenka-edited.png\" alt=\"\" class=\"wp-image-217\" srcset=\"https:\/\/www.zlomvaz.cz\/2021\/wp-content\/uploads\/2021\/05\/zdenka-edited.png 1736w, https:\/\/www.zlomvaz.cz\/2021\/wp-content\/uploads\/2021\/05\/zdenka-edited-300x300.png 300w, https:\/\/www.zlomvaz.cz\/2021\/wp-content\/uploads\/2021\/05\/zdenka-edited-1024x1024.png 1024w, https:\/\/www.zlomvaz.cz\/2021\/wp-content\/uploads\/2021\/05\/zdenka-edited-150x150.png 150w, https:\/\/www.zlomvaz.cz\/2021\/wp-content\/uploads\/2021\/05\/zdenka-edited-768x768.png 768w, https:\/\/www.zlomvaz.cz\/2021\/wp-content\/uploads\/2021\/05\/zdenka-edited-1536x1536.png 1536w, https:\/\/www.zlomvaz.cz\/2021\/wp-content\/uploads\/2021\/05\/zdenka-edited-1568x1567.png 1568w\" sizes=\"auto, (max-width: 1736px) 100vw, 1736px\" \/><figcaption><strong>Zde\u0148ka Horv\u00e1thov\u00e1<\/strong><br><em>KTK DAMU<\/em><br>&#8222;yaaasss queen slay&#8220;<br><\/figcaption><\/figure>\n<\/div>\n\n\n\n<div class=\"wp-block-column is-layout-flow wp-block-column-is-layout-flow\">\n<figure class=\"wp-block-image size-large\"><img loading=\"lazy\" decoding=\"async\" width=\"3024\" height=\"3027\" src=\"https:\/\/www.zlomvaz.cz\/2021\/wp-content\/uploads\/2021\/05\/danca-edited.png\" alt=\"\" class=\"wp-image-220\" srcset=\"https:\/\/www.zlomvaz.cz\/2021\/wp-content\/uploads\/2021\/05\/danca-edited.png 3024w, https:\/\/www.zlomvaz.cz\/2021\/wp-content\/uploads\/2021\/05\/danca-edited-300x300.png 300w, https:\/\/www.zlomvaz.cz\/2021\/wp-content\/uploads\/2021\/05\/danca-edited-1024x1024.png 1024w, https:\/\/www.zlomvaz.cz\/2021\/wp-content\/uploads\/2021\/05\/danca-edited-150x150.png 150w, https:\/\/www.zlomvaz.cz\/2021\/wp-content\/uploads\/2021\/05\/danca-edited-768x769.png 768w, https:\/\/www.zlomvaz.cz\/2021\/wp-content\/uploads\/2021\/05\/danca-edited-1534x1536.png 1534w, https:\/\/www.zlomvaz.cz\/2021\/wp-content\/uploads\/2021\/05\/danca-edited-2046x2048.png 2046w, https:\/\/www.zlomvaz.cz\/2021\/wp-content\/uploads\/2021\/05\/danca-edited-1568x1570.png 1568w\" sizes=\"auto, (max-width: 3024px) 100vw, 3024px\" \/><figcaption><strong>Dana Hlav\u00e1\u010dov\u00e1<\/strong><br><em>KTK DAMU<\/em><br>&#8222;V\u0161echno se stihne, kdy\u017e se nesp\u011bch\u00e1.&#8220;<\/figcaption><\/figure>\n<\/div>\n\n\n\n<div class=\"wp-block-column is-layout-flow wp-block-column-is-layout-flow\">\n<figure class=\"wp-block-image size-large\"><img loading=\"lazy\" decoding=\"async\" width=\"3024\" height=\"3027\" src=\"https:\/\/www.zlomvaz.cz\/2021\/wp-content\/uploads\/2021\/05\/naty-edited.png\" alt=\"\" class=\"wp-image-224\" srcset=\"https:\/\/www.zlomvaz.cz\/2021\/wp-content\/uploads\/2021\/05\/naty-edited.png 3024w, https:\/\/www.zlomvaz.cz\/2021\/wp-content\/uploads\/2021\/05\/naty-edited-300x300.png 300w, https:\/\/www.zlomvaz.cz\/2021\/wp-content\/uploads\/2021\/05\/naty-edited-1024x1024.png 1024w, https:\/\/www.zlomvaz.cz\/2021\/wp-content\/uploads\/2021\/05\/naty-edited-150x150.png 150w, https:\/\/www.zlomvaz.cz\/2021\/wp-content\/uploads\/2021\/05\/naty-edited-768x769.png 768w, https:\/\/www.zlomvaz.cz\/2021\/wp-content\/uploads\/2021\/05\/naty-edited-1534x1536.png 1534w, https:\/\/www.zlomvaz.cz\/2021\/wp-content\/uploads\/2021\/05\/naty-edited-2046x2048.png 2046w, https:\/\/www.zlomvaz.cz\/2021\/wp-content\/uploads\/2021\/05\/naty-edited-1568x1570.png 1568w\" sizes=\"auto, (max-width: 3024px) 100vw, 3024px\" \/><figcaption><strong>Nat\u00e1lie Bulvasov\u00e1<\/strong><br><em>KTK DAMU<\/em><br>&#8222;T\u011bsto na pala\u010dinky nalijte na p\u00e1nev a sma\u017ete dohn\u011bda, v\u0161echno m\u016f\u017ee b\u00fdt v po\u0159\u00e1dku.&#8220;<\/figcaption><\/figure>\n<\/div>\n<\/div>\n\n\n\n<h4 class=\"wp-block-heading\">Podcast<\/h4>\n\n\n\n<figure class=\"wp-block-embed is-type-rich is-provider-spotify wp-block-embed-spotify wp-embed-aspect-21-9 wp-has-aspect-ratio\"><div class=\"wp-block-embed__wrapper\">\n<iframe loading=\"lazy\" title=\"Spotify Embed: Obratel podcast\" width=\"100%\" height=\"152\" frameborder=\"0\" allowfullscreen allow=\"autoplay; clipboard-write; encrypted-media; fullscreen; picture-in-picture\" src=\"https:\/\/open.spotify.com\/embed\/show\/6XyzhlLolvjKSTNqzA5WoG?si=6iopdI93TBKLB8WjrB8UOQ&#038;dl_branch=1\"><\/iframe>\n<\/div><\/figure>\n\n\n\n<p><\/p>\n\n\n\n<div class=\"wp-block-columns is-layout-flex wp-container-core-columns-is-layout-9d6595d7 wp-block-columns-is-layout-flex\">\n<div class=\"wp-block-column is-layout-flow wp-block-column-is-layout-flow\" style=\"flex-basis:100%\">\n<div class=\"wp-block-columns is-layout-flex wp-container-core-columns-is-layout-9d6595d7 wp-block-columns-is-layout-flex\">\n<div class=\"wp-block-column is-layout-flow wp-block-column-is-layout-flow\" style=\"flex-basis:100%\">\n<div class=\"wp-block-group\"><div class=\"wp-block-group__inner-container is-layout-flow wp-block-group-is-layout-flow\">\n<div class=\"wp-block-columns is-layout-flex wp-container-core-columns-is-layout-9d6595d7 wp-block-columns-is-layout-flex\">\n<div class=\"wp-block-column is-layout-flow wp-block-column-is-layout-flow\" style=\"flex-basis:25%\">\n<h4 class=\"wp-block-heading\">Kontakt<\/h4>\n<\/div>\n\n\n\n<div class=\"wp-block-column is-layout-flow wp-block-column-is-layout-flow\" style=\"flex-basis:50%\">\n<p>\u0161\u00e9fredaktorka <br>Zde\u0148ka Horv\u00e1thov\u00e1 <a rel=\"noreferrer noopener\" href=\"mailto:horvat06@st.amu.cz\" target=\"_blank\">horvat06@st.amu.cz<\/a><\/p>\n<\/div>\n\n\n\n<div class=\"wp-block-column is-layout-flow wp-block-column-is-layout-flow\" style=\"flex-basis:25%\">\n<p class=\"has-text-align-left\"><a rel=\"noreferrer noopener\" href=\"https:\/\/www.instagram.com\/obratel_zpravodaj\/\" target=\"_blank\">instagram<\/a><\/p>\n<\/div>\n<\/div>\n<\/div><\/div>\n<\/div>\n<\/div>\n<\/div>\n<\/div>\n\n\n\n<div class=\"wp-block-columns is-layout-flex wp-container-core-columns-is-layout-9d6595d7 wp-block-columns-is-layout-flex\">\n<div class=\"wp-block-column is-layout-flow wp-block-column-is-layout-flow\">\n<figure class=\"wp-block-image size-large\"><img loading=\"lazy\" decoding=\"async\" width=\"960\" height=\"960\" src=\"https:\/\/www.zlomvaz.cz\/2021\/wp-content\/uploads\/2021\/05\/obratel_logo_bez-pozadi-2.png\" alt=\"\" class=\"wp-image-227\" srcset=\"https:\/\/www.zlomvaz.cz\/2021\/wp-content\/uploads\/2021\/05\/obratel_logo_bez-pozadi-2.png 960w, https:\/\/www.zlomvaz.cz\/2021\/wp-content\/uploads\/2021\/05\/obratel_logo_bez-pozadi-2-300x300.png 300w, https:\/\/www.zlomvaz.cz\/2021\/wp-content\/uploads\/2021\/05\/obratel_logo_bez-pozadi-2-150x150.png 150w, https:\/\/www.zlomvaz.cz\/2021\/wp-content\/uploads\/2021\/05\/obratel_logo_bez-pozadi-2-768x768.png 768w\" sizes=\"auto, (max-width: 960px) 100vw, 960px\" \/><\/figure>\n<\/div>\n<\/div>\n\n\n<ul class=\"wp-block-latest-posts__list wp-block-latest-posts\"><li><a class=\"wp-block-latest-posts__post-title\" href=\"https:\/\/www.zlomvaz.cz\/2021\/2021\/09\/30\/recenze-lebensraum\/\">Recenze: Lebensraum<\/a><\/li>\n<li><a class=\"wp-block-latest-posts__post-title\" href=\"https:\/\/www.zlomvaz.cz\/2021\/2021\/09\/30\/recenze-skanca\/\">Recenze: Skan\u010da<\/a><\/li>\n<li><a class=\"wp-block-latest-posts__post-title\" href=\"https:\/\/www.zlomvaz.cz\/2021\/2021\/09\/30\/review-argue-with-me\/\">Review: Argue with me!<\/a><\/li>\n<li><a class=\"wp-block-latest-posts__post-title\" href=\"https:\/\/www.zlomvaz.cz\/2021\/2021\/09\/30\/recenze-argue-with-me\/\">Recenze: Argue with me!<\/a><\/li>\n<li><a class=\"wp-block-latest-posts__post-title\" href=\"https:\/\/www.zlomvaz.cz\/2021\/2021\/09\/30\/recenze-sarka\/\">Recenze: \u0160\u00e1rka<\/a><\/li>\n<\/ul>","protected":false},"excerpt":{"rendered":"<p>Obratel je festivalov\u00fd zpravodaj, kter\u00fd ka\u017edoro\u010dn\u011b vznik\u00e1 pod z\u00e1\u0161titou studentek a student\u016f Katedry teorie a kritiky pra\u017esk\u00e9 DAMU. V duchu propojov\u00e1n\u00ed kateder a \u0161kol tvo\u0159\u00ed redakci i studenti dal\u0161\u00edch um\u011bleck\u00fdch&hellip; <a class=\"more-link\" href=\"https:\/\/www.zlomvaz.cz\/2021\/obratel-2\/\">Pokra\u010dovat ve\u00a0\u010dten\u00ed <span class=\"screen-reader-text\">Obratel<\/span><\/a><\/p>\n","protected":false},"author":1,"featured_media":0,"parent":0,"menu_order":0,"comment_status":"closed","ping_status":"closed","template":"","meta":{"footnotes":""},"class_list":["post-59","page","type-page","status-publish","hentry","entry"],"_links":{"self":[{"href":"https:\/\/www.zlomvaz.cz\/2021\/wp-json\/wp\/v2\/pages\/59","targetHints":{"allow":["GET"]}}],"collection":[{"href":"https:\/\/www.zlomvaz.cz\/2021\/wp-json\/wp\/v2\/pages"}],"about":[{"href":"https:\/\/www.zlomvaz.cz\/2021\/wp-json\/wp\/v2\/types\/page"}],"author":[{"embeddable":true,"href":"https:\/\/www.zlomvaz.cz\/2021\/wp-json\/wp\/v2\/users\/1"}],"replies":[{"embeddable":true,"href":"https:\/\/www.zlomvaz.cz\/2021\/wp-json\/wp\/v2\/comments?post=59"}],"version-history":[{"count":18,"href":"https:\/\/www.zlomvaz.cz\/2021\/wp-json\/wp\/v2\/pages\/59\/revisions"}],"predecessor-version":[{"id":982,"href":"https:\/\/www.zlomvaz.cz\/2021\/wp-json\/wp\/v2\/pages\/59\/revisions\/982"}],"wp:attachment":[{"href":"https:\/\/www.zlomvaz.cz\/2021\/wp-json\/wp\/v2\/media?parent=59"}],"curies":[{"name":"wp","href":"https:\/\/api.w.org\/{rel}","templated":true}]}}