{"id":60,"date":"2021-04-20T09:58:07","date_gmt":"2021-04-20T07:58:07","guid":{"rendered":"https:\/\/www.zlomvaz.cz\/2021\/?page_id=60"},"modified":"2021-09-29T15:57:38","modified_gmt":"2021-09-29T13:57:38","slug":"prakticke-2","status":"publish","type":"page","link":"https:\/\/www.zlomvaz.cz\/2021\/prakticke-2\/","title":{"rendered":"Praktick\u00e9"},"content":{"rendered":"\n<div class=\"wp-block-image\"><figure class=\"aligncenter size-large is-resized\"><img loading=\"lazy\" decoding=\"async\" src=\"https:\/\/www.zlomvaz.cz\/2021\/wp-content\/uploads\/2021\/05\/prakticke-edited.png\" alt=\"\" class=\"wp-image-139\" width=\"443\" height=\"293\"\/><\/figure><\/div>\n\n\n\n<h4 class=\"wp-block-heading\"><br>info\/akredita\u010dn\u00ed centrum<\/h4>\n\n\n\n<p>Festivalov\u00e9 centrum ve foyer Divadla DISK je m\u00edstem pro v\u0161echny dotazy a \u0159e\u0161en\u00ed probl\u00e9m\u016f. Otev\u0159eno ka\u017ed\u00fd den od 9:00 do 21:00.<\/p>\n\n\n\n<h4 class=\"wp-block-heading\"><strong>vstupenky a akreditace<\/strong><\/h4>\n\n\n\n<p>Akreditace jsou platn\u00e9 v\u017edy na jeden festivalov\u00fd den a zahrnuj\u00ed programy divadeln\u00ed p\u0159ehl\u00eddky. <br>Prodej akreditac\u00ed bude mo\u017en\u00fd do 28. 9. 23:59.<\/p>\n\n\n\n<p>V\u00edce o fungov\u00e1n\u00ed denn\u00edch akreditac\u00ed najdete <a href=\"https:\/\/www.zlomvaz.cz\/2021\/vstupenky-2\/\">zde<\/a>.<\/p>\n\n\n\n<p>Pokud m\u00e1te l\u00edstky se studentskou cenou, je nutn\u00e9 don\u00e9st ISIC\/studentsk\u00fd pr\u016fkaz. Jinak budete muset doplatit zbytek do pln\u00e9 ceny.<\/p>\n\n\n\n<p>Samostatn\u00e9 vstupenky na jednotliv\u00e1 p\u0159edstaven\u00ed je mo\u017en\u00e9 zakoupit ve festivalov\u00e9m centru v\u017edy <em>do za\u010d\u00e1tku p\u0159edstaven\u00ed<\/em> do napln\u011bn\u00ed kapacity.<\/p>\n\n\n\n<p>Programy off a setup jsou zdarma. S v\u00fdjimkou workshop\u016f, <em>Vyp\u00edn\u00e1n\u00ed<\/em> a <em>V\u00edtejte<\/em>*, kter\u00e9 jsou zpoplatn\u011bn\u00e9.<\/p>\n\n\n\n<p>Kapacita v\u0161ech p\u0159edstaven\u00ed je omezen\u00e1, doporu\u010dujeme v\u010dasn\u00e9 zakoupen\u00ed akreditac\u00ed \u010di vstupenek.<\/p>\n\n\n\n<p>*Pokud m\u00e1te zakoupenou akreditaci na 2. 10., je <em>V\u00edtejte<\/em> zahrnuto v cen\u011b. Jinak je nutn\u00e9 zakoupit samostatnou vstupenku, stejn\u011b jako na <em>Vyp\u00edn\u00e1n\u00ed<\/em>.<\/p>\n\n\n\n<h4 class=\"wp-block-heading\"><strong>covid&nbsp;<\/strong><\/h4>\n\n\n\n<p>Pros\u00edme, aby m\u011bl ka\u017ed\u00fd n\u00e1v\u0161t\u011bvn\u00edk doklad o bezinfek\u010dnosti (negativn\u00ed RT-PCR test star\u00fd nejv\u00fd\u0161e 7 dn\u00ed, negativn\u00ed POC antigenn\u00ed test star\u00fd nejv\u00fd\u0161e 72 hodin, prod\u011bl\u00e1n\u00ed laboratorn\u011b potvrzen\u00e9ho onemocn\u011bn\u00ed covidem-19 v dob\u011b ne del\u0161\u00ed ne\u017e 180 dn\u016f p\u0159ede dnem kon\u00e1n\u00ed akce, o\u010dkov\u00e1n\u00ed proti covidu-19, p\u0159i\u010dem\u017e od posledn\u00ed d\u00e1vky vakc\u00edny, mus\u00ed uplynout nejm\u00e9n\u011b 14 dn\u00ed).<\/p>\n\n\n\n<h4 class=\"wp-block-heading\"><strong>kudy k n\u00e1m?<\/strong><\/h4>\n\n\n\n<p>Doporu\u010dujeme vyu\u017e\u00edt m\u011bstsk\u00e9 hromadn\u00e9 dopravy.<\/p>\n\n\n\n<ul class=\"wp-block-list\"><li>Starom\u011bstsk\u00e1 \u2013 linka metra A, tramvaje 2, 17, 18, 27 a no\u010dn\u00ed 93, autobusy 194 a 207<\/li><li>N\u00e1rodn\u00ed t\u0159\u00edda \u2013 linka metra B, tramvaje 25, 22, 18, 9, 2 a no\u010dn\u00ed 59, 58, 57 a 53<\/li><\/ul>\n\n\n\n<p>Pokud se chyst\u00e1te p\u0159ijet autem a zb\u00fdvaj\u00ed v\u00e1m voln\u00e1 m\u00edsta, m\u016f\u017eete v duchu udr\u017eiteln\u00e9ho festivalu vyu\u017e\u00edt na\u0161i \/tabulku spoluj\u00edzd\/.<\/p>\n\n\n\n<p>Zva\u017ete pros\u00edm spoluj\u00edzdu i vzhledem k parkov\u00e1n\u00ed. V okol\u00ed DAMU se d\u00e1 na kr\u00e1tkou dobu m\u00edsto naj\u00edt, ale na del\u0161\u00ed parkov\u00e1n\u00ed doporu\u010dujeme okraj Prahy, nap\u0159\u00edklad Bran\u00edk.<\/p>\n\n\n\n<h4 class=\"wp-block-heading\"><strong>kde se naj\u00edst a nap\u00edt?<\/strong><\/h4>\n\n\n\n<p>Nejrychlej\u0161\u00ed zp\u016fsob ob\u010derstven\u00ed je p\u0159\u00edmo v budov\u011b DAMU, kter\u00e1 nab\u00edz\u00ed pestr\u00fd v\u00fdb\u011br. Vegetari\u00e1ni a vegani si taky p\u0159ijdou na sv\u00e9.<\/p>\n\n\n\n<ul class=\"wp-block-list\"><li>zlomvazov\u00e1 Hospoda &#8211; st\u0159echa DISKu, otev\u0159eno ka\u017ed\u00fd den od 11:00<\/li><li>chill a kafe &#8211; chill z\u00f3na, otev\u0159eno ka\u017ed\u00fd den od 11:00<\/li><li>chill a j\u00eddlo &#8211; R109 (naproti Mal\u00edrn\u011b), otev\u0159eno ka\u017ed\u00fd den od 12:00<\/li><li>Kafe\u2022Damu &#8211; otev\u0159eno od 11:00 do 0:00 (st, \u010dt, p\u00e1) a od 14:00 do 0:00 (so)<\/li><\/ul>\n\n\n\n<h4 class=\"wp-block-heading\"><strong>festivalov\u00e1 m\u00edsta<\/strong><\/h4>\n\n\n\n<ul class=\"wp-block-list\"><li><strong>DAMU<\/strong> &#8211; divadeln\u00ed p\u0159ehl\u00eddka, off, setup &#8211; Karlova 26, Praha 1<\/li><li><strong>Unitaria<\/strong> &#8211; off &#8211; Anensk\u00e1 5, Star\u00e9 M\u011bsto<\/li><li><strong>TJ Sokol<\/strong> &#8211; off &#8211; Polsk\u00e1 2400, Praha 2-Vinohrady<\/li><\/ul>\n\n\n\n<p><\/p>\n","protected":false},"excerpt":{"rendered":"<p>info\/akredita\u010dn\u00ed centrum Festivalov\u00e9 centrum ve foyer Divadla DISK je m\u00edstem pro v\u0161echny dotazy a \u0159e\u0161en\u00ed probl\u00e9m\u016f. Otev\u0159eno ka\u017ed\u00fd den od 9:00 do 21:00. vstupenky a akreditace Akreditace jsou platn\u00e9 v\u017edy&hellip; <a class=\"more-link\" href=\"https:\/\/www.zlomvaz.cz\/2021\/prakticke-2\/\">Pokra\u010dovat ve\u00a0\u010dten\u00ed <span class=\"screen-reader-text\">Praktick\u00e9<\/span><\/a><\/p>\n","protected":false},"author":1,"featured_media":0,"parent":0,"menu_order":0,"comment_status":"closed","ping_status":"closed","template":"","meta":{"footnotes":""},"class_list":["post-60","page","type-page","status-publish","hentry","entry"],"_links":{"self":[{"href":"https:\/\/www.zlomvaz.cz\/2021\/wp-json\/wp\/v2\/pages\/60","targetHints":{"allow":["GET"]}}],"collection":[{"href":"https:\/\/www.zlomvaz.cz\/2021\/wp-json\/wp\/v2\/pages"}],"about":[{"href":"https:\/\/www.zlomvaz.cz\/2021\/wp-json\/wp\/v2\/types\/page"}],"author":[{"embeddable":true,"href":"https:\/\/www.zlomvaz.cz\/2021\/wp-json\/wp\/v2\/users\/1"}],"replies":[{"embeddable":true,"href":"https:\/\/www.zlomvaz.cz\/2021\/wp-json\/wp\/v2\/comments?post=60"}],"version-history":[{"count":9,"href":"https:\/\/www.zlomvaz.cz\/2021\/wp-json\/wp\/v2\/pages\/60\/revisions"}],"predecessor-version":[{"id":998,"href":"https:\/\/www.zlomvaz.cz\/2021\/wp-json\/wp\/v2\/pages\/60\/revisions\/998"}],"wp:attachment":[{"href":"https:\/\/www.zlomvaz.cz\/2021\/wp-json\/wp\/v2\/media?parent=60"}],"curies":[{"name":"wp","href":"https:\/\/api.w.org\/{rel}","templated":true}]}}